{"id":197,"date":"2025-10-27T08:46:00","date_gmt":"2025-10-27T07:46:00","guid":{"rendered":"https:\/\/hysoon.es\/?post_type=product&#038;p=197"},"modified":"2025-10-27T08:46:27","modified_gmt":"2025-10-27T07:46:27","slug":"asistencia-tecnica-remota-para-dispositivos-de-control-de-presencia-hysoon","status":"publish","type":"product","link":"https:\/\/hysoon.es\/index.php\/product\/asistencia-tecnica-remota-para-dispositivos-de-control-de-presencia-hysoon\/","title":{"rendered":"Asistencia T\u00e9cnica Remota para Dispositivos de Control de Presencia Hysoon"},"content":{"rendered":"<h2>\ud83d\udee0\ufe0f Asistencia T\u00e9cnica Remota para Dispositivos de Control de Presencia Hysoon<\/h2>\n<p>\u00bfTienes un dispositivo de control de presencia Hysoon y necesitas ayuda para ponerlo en marcha o configurarlo correctamente? Nuestro servicio de asistencia t\u00e9cnica remota est\u00e1 dise\u00f1ado para ayudarte a sacar","protected":false},"excerpt":{"rendered":"<p>Servicio de asistencia t\u00e9cnica remota para dispositivos Hysoon: puesta en marcha, configuraci\u00f3n, instalaci\u00f3n de software, carga de usuarios y\/o exportaci\u00f3n de datos.<\/p>\n<p>Precio: 24\u202f\u20ac + IVA\/hora. Requiere descarga de software y conexi\u00f3n a internet para el dispositivo y el ordenador.<\/p>\n","protected":false},"featured_media":198,"template":"","meta":[],"product_brand":[],"product_cat":[18,17],"product_tag":[],"class_list":{"0":"post-197","1":"product","2":"type-product","3":"status-publish","4":"has-post-thumbnail","6":"product_cat-control-de-acceso","7":"product_cat-control-de-presencia","9":"first","10":"instock","11":"virtual","12":"taxable","13":"purchasable","14":"product-type-simple"},"yoast_head":"<!-- This site is optimized with the Yoast SEO plugin v27.5 - https:\/\/yoast.com\/product\/yoast-seo-wordpress\/ -->\n<title>Asistencia T\u00e9cnica Remota para Dispositivos de Control de Presencia Hysoon - Controles de Presencia Hysoon<\/title>\n<meta name=\"robots\" content=\"index, follow, max-snippet:-1, max-image-preview:large, max-video-preview:-1\" \/>\n<link rel=\"canonical\" href=\"https:\/\/hysoon.es\/index.php\/product\/asistencia-tecnica-remota-para-dispositivos-de-control-de-presencia-hysoon\/\" \/>\n<meta property=\"og:locale\" content=\"es_ES\" \/>\n<meta property=\"og:type\" content=\"article\" \/>\n<meta property=\"og:title\" content=\"Asistencia T\u00e9cnica Remota para Dispositivos de Control de Presencia Hysoon - Controles de Presencia Hysoon\" \/>\n<meta property=\"og:description\" content=\"Servicio de asistencia t\u00e9cnica remota para dispositivos Hysoon: puesta en marcha, configuraci\u00f3n, instalaci\u00f3n de software, carga de usuarios y\/o exportaci\u00f3n de datos.  Precio: 24\u202f\u20ac + IVA\/hora. Requiere descarga de software y conexi\u00f3n a internet para el dispositivo y el ordenador.\" \/>\n<meta property=\"og:url\" content=\"https:\/\/hysoon.es\/index.php\/product\/asistencia-tecnica-remota-para-dispositivos-de-control-de-presencia-hysoon\/\" \/>\n<meta property=\"og:site_name\" content=\"Controles de Presencia Hysoon\" \/>\n<meta property=\"article:modified_time\" content=\"2025-10-27T07:46:27+00:00\" \/>\n<meta property=\"og:image\" content=\"https:\/\/hysoon.es\/wp-content\/uploads\/2025\/10\/servicio-tecnico.jpg\" \/>\n\t<meta property=\"og:image:width\" content=\"368\" \/>\n\t<meta property=\"og:image:height\" content=\"368\" \/>\n\t<meta property=\"og:image:type\" content=\"image\/jpeg\" \/>\n<meta name=\"twitter:card\" content=\"summary_large_image\" \/>\n<meta name=\"twitter:label1\" content=\"Tiempo de lectura\" \/>\n\t<meta name=\"twitter:data1\" content=\"2 minutos\" \/>\n<script type=\"application\/ld+json\" class=\"yoast-schema-graph\">{\"@context\":\"https:\\\/\\\/schema.org\",\"@graph\":[{\"@type\":\"WebPage\",\"@id\":\"https:\\\/\\\/hysoon.es\\\/index.php\\\/product\\\/asistencia-tecnica-remota-para-dispositivos-de-control-de-presencia-hysoon\\\/\",\"url\":\"https:\\\/\\\/hysoon.es\\\/index.php\\\/product\\\/asistencia-tecnica-remota-para-dispositivos-de-control-de-presencia-hysoon\\\/\",\"name\":\"Asistencia T\u00e9cnica Remota para Dispositivos de Control de Presencia Hysoon - Controles de Presencia Hysoon\",\"isPartOf\":{\"@id\":\"https:\\\/\\\/hysoon.es\\\/#website\"},\"primaryImageOfPage\":{\"@id\":\"https:\\\/\\\/hysoon.es\\\/index.php\\\/product\\\/asistencia-tecnica-remota-para-dispositivos-de-control-de-presencia-hysoon\\\/#primaryimage\"},\"image\":{\"@id\":\"https:\\\/\\\/hysoon.es\\\/index.php\\\/product\\\/asistencia-tecnica-remota-para-dispositivos-de-control-de-presencia-hysoon\\\/#primaryimage\"},\"thumbnailUrl\":\"https:\\\/\\\/hysoon.es\\\/wp-content\\\/uploads\\\/2025\\\/10\\\/servicio-tecnico.jpg\",\"datePublished\":\"2025-10-27T07:46:00+00:00\",\"dateModified\":\"2025-10-27T07:46:27+00:00\",\"breadcrumb\":{\"@id\":\"https:\\\/\\\/hysoon.es\\\/index.php\\\/product\\\/asistencia-tecnica-remota-para-dispositivos-de-control-de-presencia-hysoon\\\/#breadcrumb\"},\"inLanguage\":\"es\",\"potentialAction\":[{\"@type\":\"ReadAction\",\"target\":[\"https:\\\/\\\/hysoon.es\\\/index.php\\\/product\\\/asistencia-tecnica-remota-para-dispositivos-de-control-de-presencia-hysoon\\\/\"]}]},{\"@type\":\"ImageObject\",\"inLanguage\":\"es\",\"@id\":\"https:\\\/\\\/hysoon.es\\\/index.php\\\/product\\\/asistencia-tecnica-remota-para-dispositivos-de-control-de-presencia-hysoon\\\/#primaryimage\",\"url\":\"https:\\\/\\\/hysoon.es\\\/wp-content\\\/uploads\\\/2025\\\/10\\\/servicio-tecnico.jpg\",\"contentUrl\":\"https:\\\/\\\/hysoon.es\\\/wp-content\\\/uploads\\\/2025\\\/10\\\/servicio-tecnico.jpg\",\"width\":368,\"height\":368},{\"@type\":\"BreadcrumbList\",\"@id\":\"https:\\\/\\\/hysoon.es\\\/index.php\\\/product\\\/asistencia-tecnica-remota-para-dispositivos-de-control-de-presencia-hysoon\\\/#breadcrumb\",\"itemListElement\":[{\"@type\":\"ListItem\",\"position\":1,\"name\":\"Home\",\"item\":\"https:\\\/\\\/hysoon.es\\\/\"},{\"@type\":\"ListItem\",\"position\":2,\"name\":\"Productos\",\"item\":\"https:\\\/\\\/hysoon.es\\\/index.php\\\/shop\\\/\"},{\"@type\":\"ListItem\",\"position\":3,\"name\":\"Asistencia T\u00e9cnica Remota para Dispositivos de Control de Presencia Hysoon\"}]},{\"@type\":\"WebSite\",\"@id\":\"https:\\\/\\\/hysoon.es\\\/#website\",\"url\":\"https:\\\/\\\/hysoon.es\\\/\",\"name\":\"Controles de Presencia Hysoon\",\"description\":\"Biometricos | Reconociemiento facial | Huella dactilar | Control de presencia | Control de accesos\",\"potentialAction\":[{\"@type\":\"SearchAction\",\"target\":{\"@type\":\"EntryPoint\",\"urlTemplate\":\"https:\\\/\\\/hysoon.es\\\/?s={search_term_string}\"},\"query-input\":{\"@type\":\"PropertyValueSpecification\",\"valueRequired\":true,\"valueName\":\"search_term_string\"}}],\"inLanguage\":\"es\"}]}<\/script>\n<!-- \/ Yoast SEO plugin. -->","yoast_head_json":{"title":"Asistencia T\u00e9cnica Remota para Dispositivos de Control de Presencia Hysoon - Controles de Presencia Hysoon","robots":{"index":"index","follow":"follow","max-snippet":"max-snippet:-1","max-image-preview":"max-image-preview:large","max-video-preview":"max-video-preview:-1"},"canonical":"https:\/\/hysoon.es\/index.php\/product\/asistencia-tecnica-remota-para-dispositivos-de-control-de-presencia-hysoon\/","og_locale":"es_ES","og_type":"article","og_title":"Asistencia T\u00e9cnica Remota para Dispositivos de Control de Presencia Hysoon - Controles de Presencia Hysoon","og_description":"Servicio de asistencia t\u00e9cnica remota para dispositivos Hysoon: puesta en marcha, configuraci\u00f3n, instalaci\u00f3n de software, carga de usuarios y\/o exportaci\u00f3n de datos.  Precio: 24\u202f\u20ac + IVA\/hora. Requiere descarga de software y conexi\u00f3n a internet para el dispositivo y el ordenador.","og_url":"https:\/\/hysoon.es\/index.php\/product\/asistencia-tecnica-remota-para-dispositivos-de-control-de-presencia-hysoon\/","og_site_name":"Controles de Presencia Hysoon","article_modified_time":"2025-10-27T07:46:27+00:00","og_image":[{"width":368,"height":368,"url":"https:\/\/hysoon.es\/wp-content\/uploads\/2025\/10\/servicio-tecnico.jpg","type":"image\/jpeg"}],"twitter_card":"summary_large_image","twitter_misc":{"Tiempo de lectura":"2 minutos"},"schema":{"@context":"https:\/\/schema.org","@graph":[{"@type":"WebPage","@id":"https:\/\/hysoon.es\/index.php\/product\/asistencia-tecnica-remota-para-dispositivos-de-control-de-presencia-hysoon\/","url":"https:\/\/hysoon.es\/index.php\/product\/asistencia-tecnica-remota-para-dispositivos-de-control-de-presencia-hysoon\/","name":"Asistencia T\u00e9cnica Remota para Dispositivos de Control de Presencia Hysoon - Controles de Presencia Hysoon","isPartOf":{"@id":"https:\/\/hysoon.es\/#website"},"primaryImageOfPage":{"@id":"https:\/\/hysoon.es\/index.php\/product\/asistencia-tecnica-remota-para-dispositivos-de-control-de-presencia-hysoon\/#primaryimage"},"image":{"@id":"https:\/\/hysoon.es\/index.php\/product\/asistencia-tecnica-remota-para-dispositivos-de-control-de-presencia-hysoon\/#primaryimage"},"thumbnailUrl":"https:\/\/hysoon.es\/wp-content\/uploads\/2025\/10\/servicio-tecnico.jpg","datePublished":"2025-10-27T07:46:00+00:00","dateModified":"2025-10-27T07:46:27+00:00","breadcrumb":{"@id":"https:\/\/hysoon.es\/index.php\/product\/asistencia-tecnica-remota-para-dispositivos-de-control-de-presencia-hysoon\/#breadcrumb"},"inLanguage":"es","potentialAction":[{"@type":"ReadAction","target":["https:\/\/hysoon.es\/index.php\/product\/asistencia-tecnica-remota-para-dispositivos-de-control-de-presencia-hysoon\/"]}]},{"@type":"ImageObject","inLanguage":"es","@id":"https:\/\/hysoon.es\/index.php\/product\/asistencia-tecnica-remota-para-dispositivos-de-control-de-presencia-hysoon\/#primaryimage","url":"https:\/\/hysoon.es\/wp-content\/uploads\/2025\/10\/servicio-tecnico.jpg","contentUrl":"https:\/\/hysoon.es\/wp-content\/uploads\/2025\/10\/servicio-tecnico.jpg","width":368,"height":368},{"@type":"BreadcrumbList","@id":"https:\/\/hysoon.es\/index.php\/product\/asistencia-tecnica-remota-para-dispositivos-de-control-de-presencia-hysoon\/#breadcrumb","itemListElement":[{"@type":"ListItem","position":1,"name":"Home","item":"https:\/\/hysoon.es\/"},{"@type":"ListItem","position":2,"name":"Productos","item":"https:\/\/hysoon.es\/index.php\/shop\/"},{"@type":"ListItem","position":3,"name":"Asistencia T\u00e9cnica Remota para Dispositivos de Control de Presencia Hysoon"}]},{"@type":"WebSite","@id":"https:\/\/hysoon.es\/#website","url":"https:\/\/hysoon.es\/","name":"Controles de Presencia Hysoon","description":"Biometricos | Reconociemiento facial | Huella dactilar | Control de presencia | Control de accesos","potentialAction":[{"@type":"SearchAction","target":{"@type":"EntryPoint","urlTemplate":"https:\/\/hysoon.es\/?s={search_term_string}"},"query-input":{"@type":"PropertyValueSpecification","valueRequired":true,"valueName":"search_term_string"}}],"inLanguage":"es"}]}},"_links":{"self":[{"href":"https:\/\/hysoon.es\/index.php\/wp-json\/wp\/v2\/product\/197","targetHints":{"allow":["GET"]}}],"collection":[{"href":"https:\/\/hysoon.es\/index.php\/wp-json\/wp\/v2\/product"}],"about":[{"href":"https:\/\/hysoon.es\/index.php\/wp-json\/wp\/v2\/types\/product"}],"wp:featuredmedia":[{"embeddable":true,"href":"https:\/\/hysoon.es\/index.php\/wp-json\/wp\/v2\/media\/198"}],"wp:attachment":[{"href":"https:\/\/hysoon.es\/index.php\/wp-json\/wp\/v2\/media?parent=197"}],"wp:term":[{"taxonomy":"product_brand","embeddable":true,"href":"https:\/\/hysoon.es\/index.php\/wp-json\/wp\/v2\/product_brand?post=197"},{"taxonomy":"product_cat","embeddable":true,"href":"https:\/\/hysoon.es\/index.php\/wp-json\/wp\/v2\/product_cat?post=197"},{"taxonomy":"product_tag","embeddable":true,"href":"https:\/\/hysoon.es\/index.php\/wp-json\/wp\/v2\/product_tag?post=197"}],"curies":[{"name":"wp","href":"https:\/\/api.w.org\/{rel}","templated":true}]}}